{"id":1564,"date":"2017-06-13T10:37:27","date_gmt":"2017-06-13T12:37:27","guid":{"rendered":"http:\/\/www.encontraararas.com.br\/noticias\/?page_id=1564"},"modified":"2025-09-30T13:43:34","modified_gmt":"2025-09-30T16:43:34","slug":"sobre-araras","status":"publish","type":"page","link":"https:\/\/www.encontraararas.com.br\/sobre\/","title":{"rendered":"Sobre Araras"},"content":{"rendered":"<div class=\"028300b157bd2076cd9869e154cabe36\" data-index=\"1\" style=\"float: none; margin:0px;\">\n<!-- Anuncio display - global -->\r\n<ins class=\"adsbygoogle\"\r\n     style=\"display:block\"\r\n     data-ad-client=\"ca-pub-8585364105181520\"\r\n     data-ad-slot=\"8789329856\"\r\n     data-ad-format=\"auto\"\r\n     data-full-width-responsive=\"true\"><\/ins>\r\n<script>\r\n     (adsbygoogle = window.adsbygoogle || []).push({});\r\n<\/script>\n<\/div>\n<p><img decoding=\"async\" class=\"alignnone size-full wp-image-1565\" src=\"http:\/\/www.encontraararas.com.br\/noticias\/wp-content\/uploads\/2017\/06\/cidade-de-araras.jpg\" alt=\"Cidade de Araras\" width=\"100%\" srcset=\"https:\/\/www.encontraararas.com.br\/sobre\/wp-content\/uploads\/2017\/06\/cidade-de-araras.jpg 565w, https:\/\/www.encontraararas.com.br\/sobre\/wp-content\/uploads\/2017\/06\/cidade-de-araras-300x105.jpg 300w\" sizes=\"(max-width: 565px) 100vw, 565px\" \/><\/p>\n<p><strong>Araras<\/strong> \u00e9 um munic\u00edpio brasileiro do estado de S\u00e3o Paulo. Localiza-se a uma latitude 22\u00ba21&#8217;25&#8221; sul e a uma longitude 47\u00ba23&#8217;03&#8221; oeste. Segundo o Censo 2010, sua popula\u00e7\u00e3o era de 118.898 habitantes.<\/p>\n<h2>Hist\u00f3ria<\/h2>\n<p>A funda\u00e7\u00e3o da cidade \u00e9 atribu\u00edda aos irm\u00e3os Bento de Lacerda Guimar\u00e3es, bar\u00e3o de Araras, e Jos\u00e9 Lacerda Guimar\u00e3es, bar\u00e3o de Arari, origin\u00e1rios de Itatiba. As primeiras resid\u00eancias da regi\u00e3o surgiram em suas terras por volta de 1862, mas foi a doa\u00e7\u00e3o de parte da Fazenda S\u00e3o Joaquim (no Munic\u00edpio de Limeira) &#8211; propriedade que pertence at\u00e9 hoje a seus descendentes, que permitiu a constru\u00e7\u00e3o da capela que mais tarde se tornaria a Igreja Nossa Senhora do Patroc\u00ednio da cidade, em 15 de agosto de 1862. O nome &#8220;Araras&#8221; foi escolhido em refer\u00eancia ao nome do rio que corta a cidade, e tamb\u00e9m devido ao grande n\u00famero dessa ave que havia na regi\u00e3o.<\/p>\n<h2>De par\u00f3quia a munic\u00edpio<\/h2>\n<p>Com a doa\u00e7\u00e3o do terreno, em 15 de agosto de 1862, foi lan\u00e7ada a pedra fundamental para a constru\u00e7\u00e3o da igreja. Embora nessa data j\u00e1 houvesse n\u00facleos habitacionais, foi s\u00f3 em 24 de mar\u00e7o de 1871 que a par\u00f3quia foi elevada \u00e0 categoria de vila, gra\u00e7as \u00e0 lei provincial n.\u00ba 29, publicada nesta data. A data \u00e9 comemorada como o anivers\u00e1rio do munic\u00edpio. S\u00f3 em 1879 o povoado foi considerado cidade e em 1892 foi instalada a comarca.<\/p>\n<h2>Progresso<\/h2>\n<p>Seguindo tend\u00eancia da \u00e9poca, a cafeicultura alavancou o desenvolvimento da regi\u00e3o, inicialmente baseada na m\u00e3o de obra escrava. No final do s\u00e9culo XIX, a massiva imigra\u00e7\u00e3o europeia trouxe a Araras uma enorme quantidade de italianos. Antecipando-se \u00e0 pr\u00f3pria Lei \u00c1urea, Araras foi uma das primeiras cidade brasileiras a abolir oficialmente a escravid\u00e3o, em 8 de abril de 1888.<\/p>\n<p>Logo no in\u00edcio do s\u00e9culo XX, a cidade tamb\u00e9m foi pioneira numa das primeiras comemora\u00e7\u00f5es ecol\u00f3gicas do pa\u00eds, a Festa das \u00c1rvores, em 7 de junho de 1902. Tamb\u00e9m foi nessa \u00e9poca que se iniciou a atividade que atualmente ainda movimenta a maior quantidade de divisas na cidade: a monocultura de cana-de-a\u00e7\u00facar. Inicialmente, o cultivo era voltado para a produ\u00e7\u00e3o de a\u00e7\u00facar, mas hoje a maior parte das colheitas s\u00e3o destinadas \u00e0 produ\u00e7\u00e3o de etanol (\u00e1lcool combust\u00edvel).<\/p>\n<p>A instala\u00e7\u00e3o da primeira f\u00e1brica da Nestl\u00e9 no Brasil foi em <a title=\"Araras\" href=\"http:\/\/www.encontraararas.com.br\/\">Araras<\/a>, em 1921, sendo, \u00e0 \u00e9poca, a segunda maior, menor apenas do que a sede em Vevey, Su\u00ed\u00e7a. At\u00e9 hoje, a multinacional su\u00ed\u00e7a representa um dos maiores contribuintes para as receitas do munic\u00edpio, al\u00e9m de criar muitos empregos.<\/p>\n<p>Com a moderniza\u00e7\u00e3o do pa\u00eds na d\u00e9cada de 1950, Araras foi mais uma vez pioneira e inovadora e, ap\u00f3s muitos anos figurando apenas como uma pequena cidade do interior de S\u00e3o Paulo, a cidade foi eleita por dois anos consecutivos como o munic\u00edpio de maior progresso no Brasil (1954 e 1955).<\/p>\n<h2>Educa\u00e7\u00e3o<\/h2>\n<p>Em n\u00edvel superior, Araras possui um campus da Universidade Federal de S\u00e3o Carlos (UFSCAR). Localizado no quil\u00f4metro 175 da <a title=\"Rodovia Anhanguera\" href=\"http:\/\/www.rodoviaanhanguera.com.br\/\" target=\"_blank\" rel=\"noopener noreferrer\">Rodovia Anhanguera<\/a>, sediava o antigo Instituto do A\u00e7\u00facar e do \u00c1lcool, vindo a ser transformado no segundo campus da UFSCAR em 1991, inaugurando o curso de engenharia agron\u00f4mica em 1993. Posteriormente, foi inaugurando o curso de biotecnologia em 2006, como parte do programa de expans\u00e3o de vagas da UFSCAR. Em 2009 quatro novos cursos foram criados, Agroecologia, F\u00edsica, Qu\u00edmica e Ci\u00eancias Biol\u00f3gicas.<\/p>\n<p>Al\u00e9m deste, a <a title=\"Cidade de Araras\" href=\"http:\/\/www.encontraararas.com.br\/\">Cidade de Araras<\/a> possui dois centros universit\u00e1rios: a Funda\u00e7\u00e3o Herm\u00ednio Ometto (Uniararas) e o Centro Universit\u00e1rio de Araras (UNAR). A Uniararas oferece cursos tecnol\u00f3gicos e de gradua\u00e7\u00e3o diversificados, como: Biomedicina, odontologia, fisioterapia, psicologia, engenharia, administra\u00e7\u00e3o, farm\u00e1cia, biologia, gest\u00e3o em recursos humanos e gest\u00e3o ambiental, entre outros. A UNAR, por sua vez, possui cursos nas \u00e1reas de direito, administra\u00e7\u00e3o, letras, pedagogia, geografia, educa\u00e7\u00e3o art\u00edstica. entre outros. Por fim, a cidade apresenta a Faculdade Municipal, cujas atividades tiveram in\u00edcio no ano de 2008. Nela, s\u00e3o oferecidos os cursos de gest\u00e3o e marketing para pequenas e m\u00e9dias empresas, servi\u00e7o social e ci\u00eancias cont\u00e1beis, todos na modalidade EAD (Ensino \u00e0 dist\u00e2ncia).<\/p>\n<h2>Transporte<\/h2>\n<p>&#8211; Aeroporto de Araras (asfaltado)<br \/>\n&#8211; Servi\u00e7o Municipal de Transporte Coletivo de Araras &#8211; (TCA)<\/p>\n<p>Em 1984, no dia primeiro de outubro, a C\u00e2mara Municipal de Araras, aprovou a lei municipal n.\u00ba 1566, que autorizou o poder executivo a criar a Empresa Municipal de Transporte Coletivo-EMTC, em regime de autarquia, com personalidade jur\u00eddica e patrim\u00f4nio pr\u00f3prio.<\/p>\n<p>Hoje, o Servi\u00e7o Municipal de Transporte Coletivo de Araras (SMTCA) \u00e9 conhecido pelo nome fantasia TCA, possui uma frota de sessenta e tr\u00eas \u00f4nibus e utiliza trinta e quatro carros para a \u00e1rea urbana, vinte e um para estudantes na zona rural, dois para linhas rurais e seis para reserva. \u00c9 composto por trezentos e quarenta e cinco funcion\u00e1rios, assim distribu\u00eddos: quinze no gabinete da presid\u00eancia, trinta e cinco na coordenadoria de administra\u00e7\u00e3o, duzentos e cinq\u00fcenta e dois na coordenadoria de tr\u00e1fego e opera\u00e7\u00e3o (com cento e quarenta e sete motoristas homens, dois motoristas mulheres e cem cobradores) e quarenta e tr\u00eas na coordenadoria de manuten\u00e7\u00e3o.<\/p>\n<p>A frota \u00e9 composta por dois \u00f4nibus articulados, quatro micro\u00f4nibus, nove com condicionador de ar e dois carros espec\u00edfico para pescadores. Atualmente a TCA adquiriu 25 novos onibus com elevador para deficientes,que ser\u00e3o postos para a utiliza\u00e7\u00e3o a partir de mar\u00e7o de 2010.<\/p>\n<p>A cidade possui uma frota de aproximadamente 62.801 veiculos.Fonte: Censo IBGE 2010.<\/p>\n<p>Para homenagear a comunidade de moradores desta maravilhosa cidade, o <a title=\"Encontra S\u00e3o Paulo\" href=\"http:\/\/www.encontrasaopaulo.com.br\/\" target=\"_blank\" rel=\"noopener noreferrer\">Encontra S\u00e3o Paulo<\/a> criou o <a title=\"Encontra Araras\" href=\"http:\/\/www.encontraararas.com.br\/\" target=\"_blank\" rel=\"noopener noreferrer\">Encontra Araras<\/a>.<\/p>\n<div id=\"attachment_1655\" style=\"width: 114px\" class=\"wp-caption alignnone\"><img loading=\"lazy\" decoding=\"async\" aria-describedby=\"caption-attachment-1655\" class=\"size-full wp-image-1655\" src=\"https:\/\/www.encontraararas.com.br\/sobre\/wp-content\/uploads\/2019\/10\/brasao-de-araras.jpg\" alt=\"Bras\u00e3o de Araras\" width=\"104\" height=\"119\" \/><p id=\"caption-attachment-1655\" class=\"wp-caption-text\">Bras\u00e3o de Araras<\/p><\/div>\n<div id=\"attachment_1656\" style=\"width: 155px\" class=\"wp-caption alignnone\"><img loading=\"lazy\" decoding=\"async\" aria-describedby=\"caption-attachment-1656\" class=\"size-full wp-image-1656\" src=\"https:\/\/www.encontraararas.com.br\/sobre\/wp-content\/uploads\/2019\/10\/bandeira-de-araras.jpg\" alt=\"Bandeira de Araras\" width=\"145\" height=\"93\" \/><p id=\"caption-attachment-1656\" class=\"wp-caption-text\">Bandeira de Araras<\/p><\/div>\n<h2>Cidades de S\u00e3o Paulo: Limites &#8211; Cidades Vizinhas<\/h2>\n<p><a title=\"Leme\" href=\"http:\/\/www.encontraleme.com.br\/\" target=\"_blank\" rel=\"noopener noreferrer\">Leme<\/a>, <a title=\"Limeira\" href=\"http:\/\/www.encontralimeira.com.br\/\" target=\"_blank\" rel=\"noopener noreferrer\">Limeira<\/a>, Cordeir\u00f3polis, Engenheiro Coelho, Arthur Nogueira, <a title=\"Mogi-Gua\u00e7u\" href=\"http:\/\/www.encontramogiguacu.com.br\/\" target=\"_blank\" rel=\"noopener noreferrer\">Mogi-Gua\u00e7u<\/a>, Conchal, Santa Gertrudes, <a title=\"Rio Claro\" href=\"http:\/\/www.encontrarioclaro.com.br\/\" target=\"_blank\" rel=\"noopener noreferrer\">Rio Claro<\/a> e Corumbata\u00ed<\/p>\n<h3>Dados Principais sobre a Cidade de Araras<\/h3>\n<p>Anivers\u00e1rio: 15 de Agosto<br \/>\nFunda\u00e7\u00e3o : 1862<br \/>\nGent\u00edlico: Ararense<br \/>\n\u00c1rea: 643,457 Km\u00b2<br \/>\nPopula\u00e7\u00e3o 128.895 hab. (2015)<br \/>\nIDH 0,828 &#8211; elevado<br \/>\nPrefeitura Araras<\/p>\n\n<div style=\"font-size: 0px; height: 0px; line-height: 0px; margin: 0; padding: 0; clear: both;\"><\/div>","protected":false},"excerpt":{"rendered":"<p>Araras \u00e9 um munic\u00edpio brasileiro do estado de S\u00e3o Paulo. Localiza-se a uma latitude 22\u00ba21&#8217;25&#8221; sul e a uma longitude 47\u00ba23&#8217;03&#8221; oeste. Segundo o Censo 2010, sua popula\u00e7\u00e3o era de 118.898 habitantes. Hist\u00f3ria A funda\u00e7\u00e3o da cidade \u00e9 atribu\u00edda aos irm\u00e3os Bento de Lacerda Guimar\u00e3es, bar\u00e3o de Araras, e Jos\u00e9 Lacerda Guimar\u00e3es, bar\u00e3o de Arari, origin\u00e1rios de Itatiba. As primeiras resid\u00eancias da regi\u00e3o surgiram em suas terras por volta de 1862, mas foi a doa\u00e7\u00e3o de parte da Fazenda S\u00e3o Joaquim (no Munic\u00edpio de Limeira) &#8211; propriedade que pertence at\u00e9 hoje a seus descendentes, que permitiu a constru\u00e7\u00e3o da capela <\/p>\n","protected":false},"author":1,"featured_media":0,"parent":0,"menu_order":0,"comment_status":"closed","ping_status":"closed","template":"","meta":{"footnotes":""},"class_list":["post-1564","page","type-page","status-publish","hentry"],"aioseo_notices":[],"_links":{"self":[{"href":"https:\/\/www.encontraararas.com.br\/sobre\/wp-json\/wp\/v2\/pages\/1564","targetHints":{"allow":["GET"]}}],"collection":[{"href":"https:\/\/www.encontraararas.com.br\/sobre\/wp-json\/wp\/v2\/pages"}],"about":[{"href":"https:\/\/www.encontraararas.com.br\/sobre\/wp-json\/wp\/v2\/types\/page"}],"author":[{"embeddable":true,"href":"https:\/\/www.encontraararas.com.br\/sobre\/wp-json\/wp\/v2\/users\/1"}],"replies":[{"embeddable":true,"href":"https:\/\/www.encontraararas.com.br\/sobre\/wp-json\/wp\/v2\/comments?post=1564"}],"version-history":[{"count":0,"href":"https:\/\/www.encontraararas.com.br\/sobre\/wp-json\/wp\/v2\/pages\/1564\/revisions"}],"wp:attachment":[{"href":"https:\/\/www.encontraararas.com.br\/sobre\/wp-json\/wp\/v2\/media?parent=1564"}],"curies":[{"name":"wp","href":"https:\/\/api.w.org\/{rel}","templated":true}]}}